{"id":5873,"date":"2018-03-31T11:35:37","date_gmt":"2018-03-31T11:35:37","guid":{"rendered":"http:\/\/www.transocean.ee\/new\/about-us\/"},"modified":"2026-01-19T10:56:55","modified_gmt":"2026-01-19T08:56:55","slug":"ettevottest","status":"publish","type":"page","link":"https:\/\/www.transocean.ee\/et\/ettevottest\/","title":{"rendered":"Ettev\u00f5ttest"},"content":{"rendered":"\n<style type=\"text\/css\" data-created_by=\"avia_inline_auto\" id=\"style-css-av-av_two_third-15d750bd1b332b34c6e70b077ebbccdf\">\n.flex_column.av-av_two_third-15d750bd1b332b34c6e70b077ebbccdf{\nborder-radius:0px 0px 0px 0px;\npadding:0px 0px 0px 0px;\n}\n<\/style>\n<div  class='flex_column av-av_two_third-15d750bd1b332b34c6e70b077ebbccdf av_two_third  avia-builder-el-0  el_before_av_one_third  avia-builder-el-first  first flex_column_div av-zero-column-padding  '     ><section  class='av_textblock_section av-l0b8qc61-660b648d47ba5216db676c2f6cd51c88 '   itemscope=\"itemscope\" itemtype=\"https:\/\/schema.org\/CreativeWork\" ><div class='avia_textblock'  itemprop=\"text\" ><h1>Ettev\u00f5ttest<\/h1>\n<p>Transocean on kaasaegne logistikaettev\u00f5te, mis asutati 1993. aastal. Ettev\u00f5te asub Tallinnas ja t\u00fctatrfirmad on L\u00e4tis, Leedus. Pakume laia valikut transporditeenuseid nagu konteiner-, RoRo-, maantee ja lennutransporti, \u00fclegabariit- ja projektkaupade ning vedelkaupade vedusid.<\/p>\n<p>Transocean alustas tegevust 12. veebruaril 1993.a. olles \u00fcks esimesi merendusele spetsialiseerunud ettev\u00f5tteid Eestis. Praeguseks oleme ametlikuks esindajaks rahvusvahelistele laevaliinidele: ONE (Ocean Network Express), NYK Ro-Ro, ACL RoRo ja\u00a0Samskip Multimodal. Oleme j\u00e4rgmiste liinide agendid:\u00a0Yusen Logistics ja\u00a0Sarjak Container Lines, m\u00f5lemad NVOCC. Transocean pakub konkurentsiv\u00f5imelist ja usaldusv\u00e4\u00e4rset teenust.<\/p>\n<p>Oleme loovad, paindlikud ja kliendi jaoks alati olemas. Meie soov on pakkuda logistikateenuseid kliendi vajadustele ja kauba iseloomule vastavalt.<\/p>\n<p>Veod Transoceaniga on lihtsad \u2013 teel sinu poole!<\/p>\n<h3>BMLG Group<\/h3>\n<p>Transocean Grupp kuulub logistika ettev\u00f5tete gruppi Baltic Maritime Logistics Group AS(BMLG). BMLG gruppi kuulub \u00fcle 25 ettev\u00f5tte Eestis, Soomes, L\u00e4tis, Leedus, Kasahstanis. Koost\u00f6\u00f6s emaettev\u00f5ttega pakume teenuseid oma raudtee vagunite\/platforimidega ning eriveo treileritega, ladude, puistlasti laevade ning stividoridega. Me kuulume rahvusvahelistesse logistika-organisatsioonidesse, mille abil suudame pakkuda logistikat igas maailma punktis.<\/p>\n<\/div><\/section><\/div>\n\n<style type=\"text\/css\" data-created_by=\"avia_inline_auto\" id=\"style-css-av-av_one_third-c8fc129dc35fd1ae2a1e410224d39ea8\">\n.flex_column.av-av_one_third-c8fc129dc35fd1ae2a1e410224d39ea8{\nborder-radius:0px 0px 0px 0px;\npadding:0px 0px 0px 0px;\n}\n<\/style>\n<div  class='flex_column av-av_one_third-c8fc129dc35fd1ae2a1e410224d39ea8 av_one_third  avia-builder-el-2  el_after_av_two_third  el_before_av_section  avia-builder-el-last  flex_column_div av-zero-column-padding  '     ><p>\n<style type=\"text\/css\" data-created_by=\"avia_inline_auto\" id=\"style-css-av-mk6w24sp-63b8eaf215090de2ff398295f41205e3\">\n.avia-image-container.av-mk6w24sp-63b8eaf215090de2ff398295f41205e3 img.avia_image{\nbox-shadow:none;\n}\n.avia-image-container.av-mk6w24sp-63b8eaf215090de2ff398295f41205e3 .av-image-caption-overlay-center{\ncolor:#ffffff;\n}\n<\/style>\n<div  class='avia-image-container av-mk6w24sp-63b8eaf215090de2ff398295f41205e3 av-styling-no-styling av-hover-grow av-img-linked avia_animated_image av-animated-when-visible-95 pop-up avia-align-center  avia-builder-el-3  el_before_av_textblock  avia-builder-el-first '   itemprop=\"image\" itemscope=\"itemscope\" itemtype=\"https:\/\/schema.org\/ImageObject\" ><div class=\"avia-image-container-inner\"><div class=\"avia-image-overlay-wrap\"><a href=\"https:\/\/www.google.com\/maps\/place\/Transocean+Eesti+O%C3%9C\/@59.4391318,24.7548099,17z\/data=!4m14!1m7!3m6!1s0x4692935de8a26c33:0x2f8b99c4de9679ed!2sTransocean+Eesti+O%C3%9C!8m2!3d59.4391318!4d24.7573848!16s%2Fg%2F1tfm9x8g!3m5!1s0x4692935de8a26c33:0x2f8b99c4de9679ed!8m2!3d59.4391318!4d24.7573848!16s%2Fg%2F1tfm9x8g?entry=ttu&amp;g_ep=EgoyMDI2MDEwNi4wIKXMDSoKLDEwMDc5MjA3MUgBUAM%3D\" class='avia_image ' target=\"_blank\" rel=\"noopener noreferrer\" aria-label='TO office'><img decoding=\"async\" fetchpriority=\"high\" class='wp-image-7345 avia-img-lazy-loading-not-7345 avia_image ' src=\"https:\/\/www.transocean.ee\/wp-content\/uploads\/2026\/01\/TO-office.webp\" alt='' title='TO office'  height=\"656\" width=\"1024\"  itemprop=\"thumbnailUrl\" srcset=\"https:\/\/www.transocean.ee\/wp-content\/uploads\/2026\/01\/TO-office.webp 1024w, https:\/\/www.transocean.ee\/wp-content\/uploads\/2026\/01\/TO-office-300x192.webp 300w, https:\/\/www.transocean.ee\/wp-content\/uploads\/2026\/01\/TO-office-768x492.webp 768w, https:\/\/www.transocean.ee\/wp-content\/uploads\/2026\/01\/TO-office-705x452.webp 705w\" sizes=\"(max-width: 1024px) 100vw, 1024px\" \/><\/a><\/div><\/div><\/div><br \/>\n<section  class='av_textblock_section av-mk5hf2bt-bd38dfd6f30527e2b307c9f7372fdf87 '   itemscope=\"itemscope\" itemtype=\"https:\/\/schema.org\/CreativeWork\" ><div class='avia_textblock'  itemprop=\"text\" ><p>Rotermanni 14, 10111 Tallinn, Eesti<br \/>\n<a href=\"mailto:transocean@transocean.ee\">transocean@transocean.ee<br \/>\n<\/a><a href=\"call:+3726116001\">+372 6116 001<\/a><\/p>\n<\/div><\/section><\/p><\/div><\/div><\/div><\/div><!-- close content main div --><\/div><\/div>\n<style type=\"text\/css\" data-created_by=\"avia_inline_auto\" id=\"style-css-av-av_section-7a51ab33c514d99007c4db149a3c398c\">\n.avia-section.av-av_section-7a51ab33c514d99007c4db149a3c398c{\nbackground-color:#f5f5f5;\nbackground-image:unset;\n}\n<\/style>\n<div id='av_section_1'  class='avia-section av-av_section-7a51ab33c514d99007c4db149a3c398c main_color avia-section-large avia-no-shadow  avia-builder-el-5  el_after_av_one_third  el_before_av_section  avia-bg-style-scroll container_wrap sidebar_right'  ><div class='container av-section-cont-open' ><div class='template-page content  av-content-small alpha units'><div class='post-entry post-entry-type-page post-entry-5873'><div class='entry-content-wrapper clearfix'>\n<div class='flex_column_table av-av_one_half-139b6b83253c428fb918fa390212a68a sc-av_one_half av-equal-height-column-flextable'>\n<style type=\"text\/css\" data-created_by=\"avia_inline_auto\" id=\"style-css-av-av_one_half-139b6b83253c428fb918fa390212a68a\">\n.flex_column.av-av_one_half-139b6b83253c428fb918fa390212a68a{\nborder-width:1px;\nborder-color:#e1e1e1;\nborder-style:solid;\nborder-radius:0px 0px 0px 0px;\npadding:14px 14px 14px 14px;\nbackground-color:#f7f7f7;\n}\n<\/style>\n<div  class='flex_column av-av_one_half-139b6b83253c428fb918fa390212a68a av_one_half  avia-builder-el-6  el_before_av_one_half  avia-builder-el-first  first flex_column_table_cell av-equal-height-column av-align-top av-animated-generic bottom-to-top  '     ><section  class='av_textblock_section av-av_textblock-2de302bf1aa3cf4c9157dbe6f50ac7eb '   itemscope=\"itemscope\" itemtype=\"https:\/\/schema.org\/CreativeWork\" ><div class='avia_textblock'  itemprop=\"text\" ><h3>Visioon<\/h3>\n<p>Olla meie klientide esimene valik kontainervedudes ja logistikateenustes Balti riikides.<\/p>\n<\/div><\/section><\/div><div class='av-flex-placeholder'><\/div>\n<style type=\"text\/css\" data-created_by=\"avia_inline_auto\" id=\"style-css-av-av_one_half-bec0e428a642823db82887ce2c4a9adc\">\n.flex_column.av-av_one_half-bec0e428a642823db82887ce2c4a9adc{\nborder-width:1px;\nborder-color:#e1e1e1;\nborder-style:solid;\nborder-radius:0px 0px 0px 0px;\npadding:14px 14px 14px 14px;\nbackground-color:#f7f7f7;\n}\n<\/style>\n<div  class='flex_column av-av_one_half-bec0e428a642823db82887ce2c4a9adc av_one_half  avia-builder-el-8  el_after_av_one_half  avia-builder-el-last  flex_column_table_cell av-equal-height-column av-align-top av-animated-generic top-to-bottom  '     ><section  class='av_textblock_section av-av_textblock-2de302bf1aa3cf4c9157dbe6f50ac7eb '   itemscope=\"itemscope\" itemtype=\"https:\/\/schema.org\/CreativeWork\" ><div class='avia_textblock'  itemprop=\"text\" ><h3>Missioon<\/h3>\n<p>Pakkuda usaldusv\u00e4\u00e4rset ja kvaliteetset logistikateenust \u00fcle maailma.<\/p>\n<\/div><\/section><\/div><\/div><!--close column table wrapper. Autoclose: 1 -->\n<\/p>\n<\/div><\/div><\/div><!-- close content main div --><\/div><\/div>\n<style type=\"text\/css\" data-created_by=\"avia_inline_auto\" id=\"style-css-av-av_section-6e889f3db524a10c2746c44685f81008\">\n.avia-section.av-av_section-6e889f3db524a10c2746c44685f81008 .av-parallax .av-parallax-inner{\nbackground-repeat:no-repeat;\nbackground-image:url(https:\/\/www.transocean.ee\/wp-content\/uploads\/2018\/03\/transocean-world-wide-logistics.jpg);\nbackground-position:50% 50%;\nbackground-attachment:scroll;\n}\n.avia-section.av-av_section-6e889f3db524a10c2746c44685f81008 .av-section-color-overlay{\nopacity:0.5;\nbackground-color:#0a0a0a;\n}\n<\/style>\n<div id='av_section_2'  class='avia-section av-av_section-6e889f3db524a10c2746c44685f81008 main_color avia-section-large avia-no-shadow  avia-builder-el-10  el_after_av_section  el_before_av_section  avia-full-stretch av-parallax-section avia-bg-style-parallax av-section-color-overlay-active container_wrap sidebar_right'  data-section-bg-repeat='stretch'><div class='av-parallax' data-avia-parallax-ratio='0.3' ><div class='av-parallax-inner main_color avia-full-stretch'><\/div><\/div><div class=\"av-section-color-overlay-wrap\"><div class=\"av-section-color-overlay\"><\/div><div class='container av-section-cont-open' ><div class='template-page content  av-content-small alpha units'><div class='post-entry post-entry-type-page post-entry-5873'><div class='entry-content-wrapper clearfix'>\n\n<style type=\"text\/css\" data-created_by=\"avia_inline_auto\" id=\"style-css-av-av_one_half-15d750bd1b332b34c6e70b077ebbccdf\">\n.flex_column.av-av_one_half-15d750bd1b332b34c6e70b077ebbccdf{\nborder-radius:0px 0px 0px 0px;\npadding:0px 0px 0px 0px;\n}\n<\/style>\n<div  class='flex_column av-av_one_half-15d750bd1b332b34c6e70b077ebbccdf av_one_half  avia-builder-el-11  el_before_av_one_half  avia-builder-el-first  first flex_column_div av-zero-column-padding  '     ><style type=\"text\/css\" data-created_by=\"avia_inline_auto\" id=\"style-css-av-av_textblock-dd2387397296c1a314b0b5f4a3f918a3\">\n#top .av_textblock_section.av-av_textblock-dd2387397296c1a314b0b5f4a3f918a3 .avia_textblock{\ncolor:#ffffff;\n}\n<\/style>\n<section  class='av_textblock_section av-av_textblock-dd2387397296c1a314b0b5f4a3f918a3 '   itemscope=\"itemscope\" itemtype=\"https:\/\/schema.org\/CreativeWork\" ><div class='avia_textblock av_inherit_color'  itemprop=\"text\" ><h1>Organisatsioonide liikmelisus<\/h1>\n<p><a href=\"http:\/\/www.koda.ee\/\" target=\"_blank\" rel=\"noopener\">Eesti Kaubandus T\u00f6\u00f6stuskoda<\/a><br \/>\n<a href=\"http:\/\/www.atlas-network.com\/launch.cfm\">Atlas International Network<\/a><br \/>\n<a href=\"http:\/\/wcaworld.com\/eng\/home.asp\">WCA Network<\/a><br \/>\n<a href=\"http:\/\/www.wcaprojects.com\/eng\/home.asp\">WCA Projects Network<\/a><br \/>\n<a href=\"http:\/\/www.ffnetwork.info\/\">FFN Freight Forwarder Network<\/a><br \/>\n<a href=\"http:\/\/www.jctrans.net\/\">JCtrans<\/a><br \/>\n<a href=\"https:\/\/www.pl-alliance.com\/\" target=\"_blank\" rel=\"noopener\">Project Logistics Alliance<\/a><\/p>\n<\/div><\/section><\/div>\n<style type=\"text\/css\" data-created_by=\"avia_inline_auto\" id=\"style-css-av-av_one_half-c8fc129dc35fd1ae2a1e410224d39ea8\">\n.flex_column.av-av_one_half-c8fc129dc35fd1ae2a1e410224d39ea8{\nborder-radius:0px 0px 0px 0px;\npadding:0px 0px 0px 0px;\n}\n<\/style>\n<div  class='flex_column av-av_one_half-c8fc129dc35fd1ae2a1e410224d39ea8 av_one_half  avia-builder-el-13  el_after_av_one_half  avia-builder-el-last  flex_column_div av-zero-column-padding  '     ><div  class='avia-logo-element-container av-lg2meapw-88ba8b61c641985c6205e75237f5daa1 av-border-deactivate avia-logo-grid avia-content-slider avia-smallarrow-slider avia-content-grid-active noHover avia-content-slider-even  avia-builder-el-14  avia-builder-el-no-sibling  avia-content-slider1' ><div class='avia-smallarrow-slider-heading  no-logo-slider-heading '><\/div><div class=\"avia-content-slider-inner\"><div class=\"slide-entry-wrap\"><div  class='slide-entry av-lg2me8yh-a36f1986f5e5b6ebbceab631aede7341 flex_column no_margin av_one_half real-thumbnail post-entry slide-entry-overview slide-loop-1 slide-parity-odd  first'><span class='av-partner-fake-img' style='padding-bottom:26%; background-image:url(https:\/\/www.transocean.ee\/wp-content\/uploads\/2023\/04\/one-small-projects.jpg);'><\/span><\/div><div  class='slide-entry av-lg2mdqec-04754fc41968efbefdba800b1fb7c9d4 flex_column no_margin av_one_half real-thumbnail post-entry slide-entry-overview slide-loop-2 slide-parity-even  '><span class='av-partner-fake-img' style='padding-bottom:26%; background-image:url(https:\/\/www.transocean.ee\/wp-content\/uploads\/2018\/03\/atlas-international-network.jpg);'><\/span><\/div><\/div><div class=\"slide-entry-wrap\"><div  class='slide-entry av-av_partner_logo-5ce548115cf43b81340d655d6a9a6de9 flex_column no_margin av_one_half real-thumbnail post-entry slide-entry-overview slide-loop-3 slide-parity-odd  first'><span class='av-partner-fake-img' style='padding-bottom:26%; background-image:url(https:\/\/www.transocean.ee\/wp-content\/uploads\/2018\/03\/jctrans-organization.jpg);'><\/span><\/div><div  class='slide-entry av-av_partner_logo-49984885957ffed1a01893d47d597176 flex_column no_margin av_one_half real-thumbnail post-entry slide-entry-overview slide-loop-4 slide-parity-even  '><span class='av-partner-fake-img' style='padding-bottom:26%; background-image:url(https:\/\/www.transocean.ee\/wp-content\/uploads\/2018\/03\/wca-projects.jpg);'><\/span><\/div><\/div><div class=\"slide-entry-wrap\"><div  class='slide-entry av-av_partner_logo-b350b6a39e90fe59b6051d69d80bb138 flex_column no_margin av_one_half real-thumbnail post-entry slide-entry-overview slide-loop-5 slide-parity-odd  first'><span class='av-partner-fake-img' style='padding-bottom:26%; background-image:url(https:\/\/www.transocean.ee\/wp-content\/uploads\/2018\/03\/wca-projects-network.jpg);'><\/span><\/div><div  class='slide-entry av-av_partner_logo-24ccaeb7e89cb1fa2a00ac10b16babea flex_column no_margin av_one_half real-thumbnail post-entry slide-entry-overview slide-loop-6 slide-parity-even  '><span class='av-partner-fake-img' style='padding-bottom:26%; background-image:url(https:\/\/www.transocean.ee\/wp-content\/uploads\/2018\/03\/ffnetwork.jpg);'><\/span><\/div><\/div><div class=\"slide-entry-wrap\"><div  class='slide-entry av-av_partner_logo-9b8d349c450cca8e531b0fbc2cc79c00 flex_column no_margin av_one_half real-thumbnail post-entry slide-entry-overview slide-loop-7 slide-parity-odd  first'><span class='av-partner-fake-img' style='padding-bottom:26%; background-image:url(https:\/\/www.transocean.ee\/wp-content\/uploads\/2018\/03\/kaubandus-koda-logo.jpg);'><\/span><\/div><div  class='slide-entry av-av_partner_logo-4fc9719c26f0729a1776777786e73fc6 flex_column no_margin av_one_half real-thumbnail post-entry slide-entry-overview slide-loop-8 slide-parity-even post-entry-last '><a href=\"https:\/\/www.pl-alliance.com\/\" data-rel='slide-1' class='slide-image' title='' target=\"_blank\" rel=\"noopener noreferrer\"><span class='av-partner-fake-img' style='padding-bottom:26%; background-image:url(https:\/\/www.transocean.ee\/wp-content\/uploads\/2019\/10\/project-logistics-alliance.jpg);'><\/span><\/a><\/div><\/div><\/div><\/div><\/div>\n\n<\/div><\/div><\/div><!-- close content main div --><\/div><\/div><\/div>\n<style type=\"text\/css\" data-created_by=\"avia_inline_auto\" id=\"style-css-av-av_section-23a171a2063c637f8886873bf0bb5634\">\n.avia-section.av-av_section-23a171a2063c637f8886873bf0bb5634{\nbackground-color:#0c3b82;\nbackground-image:unset;\n}\n<\/style>\n<div id='av_section_3'  class='avia-section av-av_section-23a171a2063c637f8886873bf0bb5634 main_color avia-section-large avia-no-shadow  avia-builder-el-15  el_after_av_section  avia-builder-el-last  avia-bg-style-scroll container_wrap sidebar_right'  ><div class='container av-section-cont-open' ><div class='template-page content  av-content-small alpha units'><div class='post-entry post-entry-type-page post-entry-5873'><div class='entry-content-wrapper clearfix'>\n\n<style type=\"text\/css\" data-created_by=\"avia_inline_auto\" id=\"style-css-av-lg2mf8qp-434a802887bb477b9f7459f550ad7e22\">\n#top .av_textblock_section.av-lg2mf8qp-434a802887bb477b9f7459f550ad7e22 .avia_textblock{\ncolor:#ffffff;\n}\n<\/style>\n<section  class='av_textblock_section av-lg2mf8qp-434a802887bb477b9f7459f550ad7e22 '   itemscope=\"itemscope\" itemtype=\"https:\/\/schema.org\/CreativeWork\" ><div class='avia_textblock av_inherit_color'  itemprop=\"text\" ><h1 style=\"text-align: center;\">Saada Transoceanile hinnap\u00e4ring<\/h1>\n<p style=\"text-align: center !important;\">T\u00e4ida k\u00f5ik vormis olevad v\u00e4ljad ning meie spetsialist v\u00f5tab esimesel v\u00f5imalusel \u00fchendust.<br \/>\nReageerime kiiresti!<\/p>\n<\/div><\/section>\n<div  class='avia-button-wrap av-av_button-e43d6fe3033917f90a130b97823ec7da-wrap avia-button-center  avia-builder-el-17  el_after_av_textblock  avia-builder-el-last '><a href='https:\/\/www.transocean.ee\/et\/hinnaparing\/'  class='avia-button av-av_button-e43d6fe3033917f90a130b97823ec7da av-link-btn avia-icon_select-yes-right-icon avia-size-x-large avia-position-center av-icon-on-hover avia-color-theme-color-subtle'   aria-label=\"T\u00c4IDA HINNAP\u00c4RINGU VORM\"><span class='avia_iconbox_title' >T\u00c4IDA HINNAP\u00c4RINGU VORM<\/span><span class='avia_button_icon avia_button_icon_right' aria-hidden='true' data-av_icon='\ue897' data-av_iconfont='entypo-fontello'><\/span><\/a><\/div>\n<\/div><\/div><\/div><!-- close content main div --><\/div><\/div><div id='after_section_3'  class='main_color av_default_container_wrap container_wrap sidebar_right'  ><div class='container av-section-cont-open' ><div class='template-page content  av-content-small alpha units'><div class='post-entry post-entry-type-page post-entry-5873'><div class='entry-content-wrapper clearfix'>\n","protected":false},"excerpt":{"rendered":"","protected":false},"author":1,"featured_media":0,"parent":0,"menu_order":0,"comment_status":"closed","ping_status":"open","template":"","meta":{"footnotes":""},"class_list":["post-5873","page","type-page","status-publish","hentry"],"yoast_head":"<!-- This site is optimized with the Yoast SEO plugin v26.7 - https:\/\/yoast.com\/wordpress\/plugins\/seo\/ -->\n<title>Ettev\u00f5ttest - TRANSOCEAN<\/title>\n<meta name=\"robots\" content=\"index, follow, max-snippet:-1, max-image-preview:large, max-video-preview:-1\" \/>\n<link rel=\"canonical\" href=\"https:\/\/www.transocean.ee\/et\/ettevottest\/\" \/>\n<meta property=\"og:locale\" content=\"et_EE\" \/>\n<meta property=\"og:type\" content=\"article\" \/>\n<meta property=\"og:title\" content=\"Ettev\u00f5ttest - TRANSOCEAN\" \/>\n<meta property=\"og:url\" content=\"https:\/\/www.transocean.ee\/et\/ettevottest\/\" \/>\n<meta property=\"og:site_name\" content=\"TRANSOCEAN\" \/>\n<meta property=\"article:modified_time\" content=\"2026-01-19T08:56:55+00:00\" \/>\n<meta name=\"twitter:card\" content=\"summary_large_image\" \/>\n<meta name=\"twitter:label1\" content=\"Est. reading time\" \/>\n\t<meta name=\"twitter:data1\" content=\"2 minutit\" \/>\n<script type=\"application\/ld+json\" class=\"yoast-schema-graph\">{\"@context\":\"https:\/\/schema.org\",\"@graph\":[{\"@type\":\"WebPage\",\"@id\":\"https:\/\/www.transocean.ee\/et\/ettevottest\/\",\"url\":\"https:\/\/www.transocean.ee\/et\/ettevottest\/\",\"name\":\"Ettev\u00f5ttest - TRANSOCEAN\",\"isPartOf\":{\"@id\":\"https:\/\/www.transocean.ee\/#website\"},\"datePublished\":\"2018-03-31T11:35:37+00:00\",\"dateModified\":\"2026-01-19T08:56:55+00:00\",\"breadcrumb\":{\"@id\":\"https:\/\/www.transocean.ee\/et\/ettevottest\/#breadcrumb\"},\"inLanguage\":\"et\",\"potentialAction\":[{\"@type\":\"ReadAction\",\"target\":[\"https:\/\/www.transocean.ee\/et\/ettevottest\/\"]}]},{\"@type\":\"BreadcrumbList\",\"@id\":\"https:\/\/www.transocean.ee\/et\/ettevottest\/#breadcrumb\",\"itemListElement\":[{\"@type\":\"ListItem\",\"position\":1,\"name\":\"Home\",\"item\":\"https:\/\/www.transocean.ee\/et\/avaleht\/\"},{\"@type\":\"ListItem\",\"position\":2,\"name\":\"Ettev\u00f5ttest\"}]},{\"@type\":\"WebSite\",\"@id\":\"https:\/\/www.transocean.ee\/#website\",\"url\":\"https:\/\/www.transocean.ee\/\",\"name\":\"TRANSOCEAN\",\"description\":\"Rahvusvaheline transport \/ veoteenused\",\"potentialAction\":[{\"@type\":\"SearchAction\",\"target\":{\"@type\":\"EntryPoint\",\"urlTemplate\":\"https:\/\/www.transocean.ee\/?s={search_term_string}\"},\"query-input\":{\"@type\":\"PropertyValueSpecification\",\"valueRequired\":true,\"valueName\":\"search_term_string\"}}],\"inLanguage\":\"et\"}]}<\/script>\n<!-- \/ Yoast SEO plugin. -->","yoast_head_json":{"title":"Ettev\u00f5ttest - TRANSOCEAN","robots":{"index":"index","follow":"follow","max-snippet":"max-snippet:-1","max-image-preview":"max-image-preview:large","max-video-preview":"max-video-preview:-1"},"canonical":"https:\/\/www.transocean.ee\/et\/ettevottest\/","og_locale":"et_EE","og_type":"article","og_title":"Ettev\u00f5ttest - TRANSOCEAN","og_url":"https:\/\/www.transocean.ee\/et\/ettevottest\/","og_site_name":"TRANSOCEAN","article_modified_time":"2026-01-19T08:56:55+00:00","twitter_card":"summary_large_image","twitter_misc":{"Est. reading time":"2 minutit"},"schema":{"@context":"https:\/\/schema.org","@graph":[{"@type":"WebPage","@id":"https:\/\/www.transocean.ee\/et\/ettevottest\/","url":"https:\/\/www.transocean.ee\/et\/ettevottest\/","name":"Ettev\u00f5ttest - TRANSOCEAN","isPartOf":{"@id":"https:\/\/www.transocean.ee\/#website"},"datePublished":"2018-03-31T11:35:37+00:00","dateModified":"2026-01-19T08:56:55+00:00","breadcrumb":{"@id":"https:\/\/www.transocean.ee\/et\/ettevottest\/#breadcrumb"},"inLanguage":"et","potentialAction":[{"@type":"ReadAction","target":["https:\/\/www.transocean.ee\/et\/ettevottest\/"]}]},{"@type":"BreadcrumbList","@id":"https:\/\/www.transocean.ee\/et\/ettevottest\/#breadcrumb","itemListElement":[{"@type":"ListItem","position":1,"name":"Home","item":"https:\/\/www.transocean.ee\/et\/avaleht\/"},{"@type":"ListItem","position":2,"name":"Ettev\u00f5ttest"}]},{"@type":"WebSite","@id":"https:\/\/www.transocean.ee\/#website","url":"https:\/\/www.transocean.ee\/","name":"TRANSOCEAN","description":"Rahvusvaheline transport \/ veoteenused","potentialAction":[{"@type":"SearchAction","target":{"@type":"EntryPoint","urlTemplate":"https:\/\/www.transocean.ee\/?s={search_term_string}"},"query-input":{"@type":"PropertyValueSpecification","valueRequired":true,"valueName":"search_term_string"}}],"inLanguage":"et"}]}},"_links":{"self":[{"href":"https:\/\/www.transocean.ee\/et\/wp-json\/wp\/v2\/pages\/5873","targetHints":{"allow":["GET"]}}],"collection":[{"href":"https:\/\/www.transocean.ee\/et\/wp-json\/wp\/v2\/pages"}],"about":[{"href":"https:\/\/www.transocean.ee\/et\/wp-json\/wp\/v2\/types\/page"}],"author":[{"embeddable":true,"href":"https:\/\/www.transocean.ee\/et\/wp-json\/wp\/v2\/users\/1"}],"replies":[{"embeddable":true,"href":"https:\/\/www.transocean.ee\/et\/wp-json\/wp\/v2\/comments?post=5873"}],"version-history":[{"count":5,"href":"https:\/\/www.transocean.ee\/et\/wp-json\/wp\/v2\/pages\/5873\/revisions"}],"predecessor-version":[{"id":7389,"href":"https:\/\/www.transocean.ee\/et\/wp-json\/wp\/v2\/pages\/5873\/revisions\/7389"}],"wp:attachment":[{"href":"https:\/\/www.transocean.ee\/et\/wp-json\/wp\/v2\/media?parent=5873"}],"curies":[{"name":"wp","href":"https:\/\/api.w.org\/{rel}","templated":true}]}}