{"id":5875,"date":"2018-03-31T16:31:22","date_gmt":"2018-03-31T16:31:22","guid":{"rendered":"http:\/\/www.transocean.ee\/new\/contacts-offices\/"},"modified":"2026-01-19T10:54:38","modified_gmt":"2026-01-19T08:54:38","slug":"kontakt-ja-kontorid","status":"publish","type":"page","link":"https:\/\/www.transocean.ee\/et\/kontakt-ja-kontorid\/","title":{"rendered":"Kontakt ja kontorid"},"content":{"rendered":"<div  class='av_gmaps_sc_main_wrap av_gmaps_main_wrap '><div id='av_gmap_0' class='avia-google-map-container avia-google-map-sc av_gmaps_show_unconditionally av-no-fallback-img ' data-mapid='av_gmap_0'  style='height: 450px;'><a class=\"av_gmaps_browser_disabled av_text_confirm_link av_text_confirm_link_visible\" href=\"https:\/\/www.google.com\/maps\/search\/?api=1&#038;query=Rotermanni%2014%20%20Tallinn%20%20Estonia\" target=\"_blank\" rel=\"noopener\">Maps were disabled by the visitor on this site. Click to open the map in a new window.<\/a><\/div><\/div>\n\n<style type=\"text\/css\" data-created_by=\"avia_inline_auto\" id=\"style-css-av-av_section-a5451648a272c25e0a7e596134ec201d\">\n.avia-section.av-av_section-a5451648a272c25e0a7e596134ec201d{\nbackground-color:#ffffff;\nbackground-image:unset;\n}\n<\/style>\n<div id='av_section_1'  class='avia-section av-av_section-a5451648a272c25e0a7e596134ec201d main_color avia-section-large avia-no-border-styling  avia-builder-el-1  el_after_av_google_map  el_before_av_section  avia-bg-style-scroll container_wrap sidebar_right'  ><div class='container av-section-cont-open' ><div class='template-page content  av-content-small alpha units'><div class='post-entry post-entry-type-page post-entry-5875'><div class='entry-content-wrapper clearfix'>\n\n<style type=\"text\/css\" data-created_by=\"avia_inline_auto\" id=\"style-css-av-av_one_half-15d750bd1b332b34c6e70b077ebbccdf\">\n.flex_column.av-av_one_half-15d750bd1b332b34c6e70b077ebbccdf{\nborder-radius:0px 0px 0px 0px;\npadding:0px 0px 0px 0px;\n}\n<\/style>\n<div  class='flex_column av-av_one_half-15d750bd1b332b34c6e70b077ebbccdf av_one_half  avia-builder-el-2  el_before_av_one_half  avia-builder-el-first  first flex_column_div av-zero-column-padding  '     ><section  class='av_textblock_section av-av_textblock-2de302bf1aa3cf4c9157dbe6f50ac7eb '   itemscope=\"itemscope\" itemtype=\"https:\/\/schema.org\/CreativeWork\" ><div class='avia_textblock'  itemprop=\"text\" ><h1>V\u00f5ta Transoceaniga \u00fchendust<\/h1>\n<p>T\u00e4ida see l\u00fchike kontaktivorm ning vastame esimesel v\u00f5imalusel<\/p>\n<\/div><\/section><br \/>\n<form action=\"https:\/\/www.transocean.ee\/et\/kontakt-ja-kontorid\/\" method=\"post\" data-fields-with-error=\"Found errors in the following field(s):\" class=\"avia_ajax_form av-form-labels-visible   avia-builder-el-4  el_after_av_textblock  avia-builder-el-last   \" data-avia-form-id=\"1\" data-avia-redirect='' ><fieldset><p class='  first_form  form_element form_element_half' id='element_avia_1_1'><label for=\"avia_1_1\">Eesnimi <abbr class=\"required\" title=\"required\">*<\/abbr><\/label> <input name=\"avia_1_1\" class=\"text_input is_empty\" type=\"text\" id=\"avia_1_1\" value=\"\" \/><\/p><p class='  form_element form_element_half' id='element_avia_2_1'><label for=\"avia_2_1\">Perekonnanimi <abbr class=\"required\" title=\"required\">*<\/abbr><\/label> <input name=\"avia_2_1\" class=\"text_input is_empty\" type=\"text\" id=\"avia_2_1\" value=\"\" \/><\/p><p class='  first_form  form_element form_element_half' id='element_avia_3_1'><label for=\"avia_3_1\">E-Mail <abbr class=\"required\" title=\"required\">*<\/abbr><\/label> <input name=\"avia_3_1\" class=\"text_input is_email\" type=\"text\" id=\"avia_3_1\" value=\"\" \/><\/p><p class='  form_element form_element_half' id='element_avia_4_1'><label for=\"avia_4_1\">Ettev\u00f5te <abbr class=\"required\" title=\"required\">*<\/abbr><\/label> <input name=\"avia_4_1\" class=\"text_input is_empty\" type=\"text\" id=\"avia_4_1\" value=\"\" \/><\/p><p class='  first_form  form_element form_fullwidth av-last-visible-form-element' id='element_avia_5_1'><label for=\"avia_5_1\" class=\"textare_label hidden textare_label_avia_5_1\">S\u00f5num <abbr class=\"required\" title=\"required\">*<\/abbr><\/label><textarea  name=\"avia_5_1\" class=\"text_area is_empty\" cols=\"40\" rows=\"7\" id=\"avia_5_1\" ><\/textarea><\/p><p class=\"hidden\"><input type=\"text\" name=\"avia_6_1\" class=\"hidden \" id=\"avia_6_1\" value=\"\" \/><\/p><p class=\"form_element \"><input type=\"hidden\" value=\"1\" name=\"avia_generated_form1\" \/><input type=\"submit\" value=\"SAADA TEADE\" class=\"button\"  data-sending-label=\"Sending\"\/><\/p><\/fieldset><\/form><div id=\"ajaxresponse_1\" class=\"ajaxresponse ajaxresponse_1 hidden\"><\/div><\/p><\/div>\n<style type=\"text\/css\" data-created_by=\"avia_inline_auto\" id=\"style-css-av-av_one_half-c8fc129dc35fd1ae2a1e410224d39ea8\">\n.flex_column.av-av_one_half-c8fc129dc35fd1ae2a1e410224d39ea8{\nborder-radius:0px 0px 0px 0px;\npadding:0px 0px 0px 0px;\n}\n<\/style>\n<div  class='flex_column av-av_one_half-c8fc129dc35fd1ae2a1e410224d39ea8 av_one_half  avia-builder-el-5  el_after_av_one_half  avia-builder-el-last  flex_column_div av-zero-column-padding  '     ><p>\n<style type=\"text\/css\" data-created_by=\"avia_inline_auto\" id=\"style-css-av-mk6micvb-312b76e4fff5f718ff33d19f2ec82e01\">\n.avia-image-container.av-mk6micvb-312b76e4fff5f718ff33d19f2ec82e01 img.avia_image{\nbox-shadow:none;\n}\n.avia-image-container.av-mk6micvb-312b76e4fff5f718ff33d19f2ec82e01 .av-image-caption-overlay-center{\ncolor:#ffffff;\n}\n<\/style>\n<div  class='avia-image-container av-mk6micvb-312b76e4fff5f718ff33d19f2ec82e01 av-styling-no-styling av-hover-grow av-img-linked avia_animated_image av-animated-when-visible-95 pop-up avia-align-center  avia-builder-el-6  el_before_av_textblock  avia-builder-el-first '   itemprop=\"image\" itemscope=\"itemscope\" itemtype=\"https:\/\/schema.org\/ImageObject\" ><div class=\"avia-image-container-inner\"><div class=\"avia-image-overlay-wrap\"><a href=\"https:\/\/www.google.com\/maps\/place\/Transocean+Eesti+O%C3%9C\/@59.4391318,24.7573848,17z\/data=!3m1!4b1!4m6!3m5!1s0x4692935de8a26c33:0x2f8b99c4de9679ed!8m2!3d59.4391318!4d24.7573848!16s%2Fg%2F1tfm9x8g?entry=ttu&amp;g_ep=EgoyMDI2MDEwNi4wIKXMDSoKLDEwMDc5MjA3M0gBUAM%3D\" class='avia_image ' target=\"_blank\" rel=\"noopener noreferrer\" aria-label='TO office'><img decoding=\"async\" fetchpriority=\"high\" class='wp-image-7345 avia-img-lazy-loading-not-7345 avia_image ' src=\"https:\/\/www.transocean.ee\/wp-content\/uploads\/2026\/01\/TO-office.webp\" alt='' title='TO office'  height=\"656\" width=\"1024\"  itemprop=\"thumbnailUrl\" srcset=\"https:\/\/www.transocean.ee\/wp-content\/uploads\/2026\/01\/TO-office.webp 1024w, https:\/\/www.transocean.ee\/wp-content\/uploads\/2026\/01\/TO-office-300x192.webp 300w, https:\/\/www.transocean.ee\/wp-content\/uploads\/2026\/01\/TO-office-768x492.webp 768w, https:\/\/www.transocean.ee\/wp-content\/uploads\/2026\/01\/TO-office-705x452.webp 705w\" sizes=\"(max-width: 1024px) 100vw, 1024px\" \/><\/a><\/div><\/div><\/div><br \/>\n<section  class='av_textblock_section av-mk5hfqlm-c597787b03047b1e5c862aa22ecb2c21 '   itemscope=\"itemscope\" itemtype=\"https:\/\/schema.org\/CreativeWork\" ><div class='avia_textblock'  itemprop=\"text\" ><p>Transocean Eesti O\u00dc<br \/>\nRotermanni 14, 10111 Tallinn<br \/>\nTel: +372 6116 001<br \/>\ntransocean@transocean.ee<br \/>\nwww.transocean.ee<\/p>\n<\/div><\/section><\/p><\/div><\/div><\/div><\/div><!-- close content main div --><\/div><\/div>\n<style type=\"text\/css\" data-created_by=\"avia_inline_auto\" id=\"style-css-av-av_section-fe75c469b15745f5595009f75daee974\">\n.avia-section.av-av_section-fe75c469b15745f5595009f75daee974{\nbackground-color:#0c3b83;\nbackground-image:unset;\n}\n<\/style>\n<div id='av_section_2'  class='avia-section av-av_section-fe75c469b15745f5595009f75daee974 main_color avia-section-large avia-no-shadow  avia-builder-el-8  el_after_av_section  avia-builder-el-last  avia-bg-style-scroll container_wrap sidebar_right'  ><div class='container av-section-cont-open' ><div class='template-page content  av-content-small alpha units'><div class='post-entry post-entry-type-page post-entry-5875'><div class='entry-content-wrapper clearfix'>\n<div class='flex_column_table av-le6ynz9c-e5a405ad301d3127aa3145c9c25fc5fa sc-av_one_half av-equal-height-column-flextable'>\n<style type=\"text\/css\" data-created_by=\"avia_inline_auto\" id=\"style-css-av-le6ynz9c-e5a405ad301d3127aa3145c9c25fc5fa\">\n.flex_column.av-le6ynz9c-e5a405ad301d3127aa3145c9c25fc5fa{\nborder-radius:0px 0px 0px 0px;\npadding:24px 24px 24px 24px;\nbackground-color:#ffffff;\n}\n<\/style>\n<div  class='flex_column av-le6ynz9c-e5a405ad301d3127aa3145c9c25fc5fa av_one_half  avia-builder-el-9  el_before_av_one_half  avia-builder-el-first  first flex_column_table_cell av-equal-height-column av-align-top av-animated-generic bottom-to-top  '     ><section  class='av_textblock_section av-mk5hg224-87c7259417d91ada82db19c6acf8fc9a '   itemscope=\"itemscope\" itemtype=\"https:\/\/schema.org\/CreativeWork\" ><div class='avia_textblock av_inherit_color'  itemprop=\"text\" ><header class=\"entry-content-header\">\n<h3 class=\"iconbox_content_title\">L\u00c4TI<\/h3>\n<\/header>\n<div class=\"iconbox_content_container \">\n<p>Transocean Latvia SIA<br \/>\nDuntes 23A, LV-1005 Riia<br \/>\nTelefon: +371 738 1522<br \/>\ntransocean@transocean.lv<br \/>\n<a href=\"http:\/\/www.transocean.lv\/\" target=\"_blank\" rel=\"noopener\">www.transocean.lv<\/a><\/p>\n<\/div>\n<\/div><\/section><\/div><div class='av-flex-placeholder'><\/div>\n<style type=\"text\/css\" data-created_by=\"avia_inline_auto\" id=\"style-css-av-le6yo57f-6dd4e8e7d81c082ace373b3f6659e1fd\">\n.flex_column.av-le6yo57f-6dd4e8e7d81c082ace373b3f6659e1fd{\nborder-radius:0px 0px 0px 0px;\npadding:24px 24px 24px 24px;\nbackground-color:#ffffff;\n}\n<\/style>\n<div  class='flex_column av-le6yo57f-6dd4e8e7d81c082ace373b3f6659e1fd av_one_half  avia-builder-el-11  el_after_av_one_half  avia-builder-el-last  flex_column_table_cell av-equal-height-column av-align-top av-animated-generic bottom-to-top  '     ><section  class='av_textblock_section av-le5mkjd1-3706e601a71fba37d11ce1e3052eb6a4 '   itemscope=\"itemscope\" itemtype=\"https:\/\/schema.org\/CreativeWork\" ><div class='avia_textblock'  itemprop=\"text\" ><h3 class=\"iconbox_content_title\">LEEDU<\/h3>\n<p>UAB Transocean Lietuva<br \/>\nK. Donelai\u010dio str. 19A,<br \/>\nLT-92141 Klaipeda, Leedu<br \/>\nTelefon: +370 46 41 11 00<br \/>\ntransocean@transocean.lt<br \/>\n<a href=\"http:\/\/www.transocean.lt\/\" target=\"_blank\" rel=\"noopener\">www.transocean.lt<\/a><\/p>\n<\/div><\/section><\/div><\/div><!--close column table wrapper. Autoclose: 1 -->\n<\/div><\/div><\/div><!-- close content main div --><\/div><\/div><div id='after_section_2'  class='main_color av_default_container_wrap container_wrap sidebar_right'  ><div class='container av-section-cont-open' ><div class='template-page content  av-content-small alpha units'><div class='post-entry post-entry-type-page post-entry-5875'><div class='entry-content-wrapper clearfix'><\/p>\n","protected":false},"excerpt":{"rendered":"","protected":false},"author":1,"featured_media":0,"parent":0,"menu_order":0,"comment_status":"closed","ping_status":"closed","template":"","meta":{"footnotes":""},"class_list":["post-5875","page","type-page","status-publish","hentry"],"yoast_head":"<!-- This site is optimized with the Yoast SEO plugin v26.7 - https:\/\/yoast.com\/wordpress\/plugins\/seo\/ -->\n<title>Kontakt ja kontorid - TRANSOCEAN<\/title>\n<meta name=\"robots\" content=\"index, follow, max-snippet:-1, max-image-preview:large, max-video-preview:-1\" \/>\n<link rel=\"canonical\" href=\"https:\/\/www.transocean.ee\/et\/kontakt-ja-kontorid\/\" \/>\n<meta property=\"og:locale\" content=\"et_EE\" \/>\n<meta property=\"og:type\" content=\"article\" \/>\n<meta property=\"og:title\" content=\"Kontakt ja kontorid - TRANSOCEAN\" \/>\n<meta property=\"og:url\" content=\"https:\/\/www.transocean.ee\/et\/kontakt-ja-kontorid\/\" \/>\n<meta property=\"og:site_name\" content=\"TRANSOCEAN\" \/>\n<meta property=\"article:modified_time\" content=\"2026-01-19T08:54:38+00:00\" \/>\n<meta name=\"twitter:card\" content=\"summary_large_image\" \/>\n<meta name=\"twitter:label1\" content=\"Est. reading time\" \/>\n\t<meta name=\"twitter:data1\" content=\"1 minut\" \/>\n<script type=\"application\/ld+json\" class=\"yoast-schema-graph\">{\"@context\":\"https:\/\/schema.org\",\"@graph\":[{\"@type\":\"WebPage\",\"@id\":\"https:\/\/www.transocean.ee\/et\/kontakt-ja-kontorid\/\",\"url\":\"https:\/\/www.transocean.ee\/et\/kontakt-ja-kontorid\/\",\"name\":\"Kontakt ja kontorid - TRANSOCEAN\",\"isPartOf\":{\"@id\":\"https:\/\/www.transocean.ee\/#website\"},\"datePublished\":\"2018-03-31T16:31:22+00:00\",\"dateModified\":\"2026-01-19T08:54:38+00:00\",\"breadcrumb\":{\"@id\":\"https:\/\/www.transocean.ee\/et\/kontakt-ja-kontorid\/#breadcrumb\"},\"inLanguage\":\"et\",\"potentialAction\":[{\"@type\":\"ReadAction\",\"target\":[\"https:\/\/www.transocean.ee\/et\/kontakt-ja-kontorid\/\"]}]},{\"@type\":\"BreadcrumbList\",\"@id\":\"https:\/\/www.transocean.ee\/et\/kontakt-ja-kontorid\/#breadcrumb\",\"itemListElement\":[{\"@type\":\"ListItem\",\"position\":1,\"name\":\"Home\",\"item\":\"https:\/\/www.transocean.ee\/et\/avaleht\/\"},{\"@type\":\"ListItem\",\"position\":2,\"name\":\"Kontakt ja kontorid\"}]},{\"@type\":\"WebSite\",\"@id\":\"https:\/\/www.transocean.ee\/#website\",\"url\":\"https:\/\/www.transocean.ee\/\",\"name\":\"TRANSOCEAN\",\"description\":\"Rahvusvaheline transport \/ veoteenused\",\"potentialAction\":[{\"@type\":\"SearchAction\",\"target\":{\"@type\":\"EntryPoint\",\"urlTemplate\":\"https:\/\/www.transocean.ee\/?s={search_term_string}\"},\"query-input\":{\"@type\":\"PropertyValueSpecification\",\"valueRequired\":true,\"valueName\":\"search_term_string\"}}],\"inLanguage\":\"et\"}]}<\/script>\n<!-- \/ Yoast SEO plugin. -->","yoast_head_json":{"title":"Kontakt ja kontorid - TRANSOCEAN","robots":{"index":"index","follow":"follow","max-snippet":"max-snippet:-1","max-image-preview":"max-image-preview:large","max-video-preview":"max-video-preview:-1"},"canonical":"https:\/\/www.transocean.ee\/et\/kontakt-ja-kontorid\/","og_locale":"et_EE","og_type":"article","og_title":"Kontakt ja kontorid - TRANSOCEAN","og_url":"https:\/\/www.transocean.ee\/et\/kontakt-ja-kontorid\/","og_site_name":"TRANSOCEAN","article_modified_time":"2026-01-19T08:54:38+00:00","twitter_card":"summary_large_image","twitter_misc":{"Est. reading time":"1 minut"},"schema":{"@context":"https:\/\/schema.org","@graph":[{"@type":"WebPage","@id":"https:\/\/www.transocean.ee\/et\/kontakt-ja-kontorid\/","url":"https:\/\/www.transocean.ee\/et\/kontakt-ja-kontorid\/","name":"Kontakt ja kontorid - TRANSOCEAN","isPartOf":{"@id":"https:\/\/www.transocean.ee\/#website"},"datePublished":"2018-03-31T16:31:22+00:00","dateModified":"2026-01-19T08:54:38+00:00","breadcrumb":{"@id":"https:\/\/www.transocean.ee\/et\/kontakt-ja-kontorid\/#breadcrumb"},"inLanguage":"et","potentialAction":[{"@type":"ReadAction","target":["https:\/\/www.transocean.ee\/et\/kontakt-ja-kontorid\/"]}]},{"@type":"BreadcrumbList","@id":"https:\/\/www.transocean.ee\/et\/kontakt-ja-kontorid\/#breadcrumb","itemListElement":[{"@type":"ListItem","position":1,"name":"Home","item":"https:\/\/www.transocean.ee\/et\/avaleht\/"},{"@type":"ListItem","position":2,"name":"Kontakt ja kontorid"}]},{"@type":"WebSite","@id":"https:\/\/www.transocean.ee\/#website","url":"https:\/\/www.transocean.ee\/","name":"TRANSOCEAN","description":"Rahvusvaheline transport \/ veoteenused","potentialAction":[{"@type":"SearchAction","target":{"@type":"EntryPoint","urlTemplate":"https:\/\/www.transocean.ee\/?s={search_term_string}"},"query-input":{"@type":"PropertyValueSpecification","valueRequired":true,"valueName":"search_term_string"}}],"inLanguage":"et"}]}},"_links":{"self":[{"href":"https:\/\/www.transocean.ee\/et\/wp-json\/wp\/v2\/pages\/5875","targetHints":{"allow":["GET"]}}],"collection":[{"href":"https:\/\/www.transocean.ee\/et\/wp-json\/wp\/v2\/pages"}],"about":[{"href":"https:\/\/www.transocean.ee\/et\/wp-json\/wp\/v2\/types\/page"}],"author":[{"embeddable":true,"href":"https:\/\/www.transocean.ee\/et\/wp-json\/wp\/v2\/users\/1"}],"replies":[{"embeddable":true,"href":"https:\/\/www.transocean.ee\/et\/wp-json\/wp\/v2\/comments?post=5875"}],"version-history":[{"count":5,"href":"https:\/\/www.transocean.ee\/et\/wp-json\/wp\/v2\/pages\/5875\/revisions"}],"predecessor-version":[{"id":7383,"href":"https:\/\/www.transocean.ee\/et\/wp-json\/wp\/v2\/pages\/5875\/revisions\/7383"}],"wp:attachment":[{"href":"https:\/\/www.transocean.ee\/et\/wp-json\/wp\/v2\/media?parent=5875"}],"curies":[{"name":"wp","href":"https:\/\/api.w.org\/{rel}","templated":true}]}}