{"id":5897,"date":"2018-03-31T16:15:15","date_gmt":"2018-03-31T16:15:15","guid":{"rendered":"http:\/\/www.transocean.ee\/new\/services\/road-transport-services\/"},"modified":"2023-04-04T21:27:43","modified_gmt":"2023-04-04T19:27:43","slug":"maanteetransport","status":"publish","type":"page","link":"https:\/\/www.transocean.ee\/et\/teenused\/maanteetransport\/","title":{"rendered":"Maanteetransport"},"content":{"rendered":"\n<style type=\"text\/css\" data-created_by=\"avia_inline_auto\" id=\"style-css-av-av_one_half-15d750bd1b332b34c6e70b077ebbccdf\">\n.flex_column.av-av_one_half-15d750bd1b332b34c6e70b077ebbccdf{\nborder-radius:0px 0px 0px 0px;\npadding:0px 0px 0px 0px;\n}\n<\/style>\n<div  class='flex_column av-av_one_half-15d750bd1b332b34c6e70b077ebbccdf av_one_half  avia-builder-el-0  el_before_av_one_half  avia-builder-el-first  first flex_column_div av-zero-column-padding  '     ><section  class='av_textblock_section av-le5sl3zo-c99375cf6adea0a89ee7b0825d961d99 '   itemscope=\"itemscope\" itemtype=\"https:\/\/schema.org\/CreativeWork\" ><div class='avia_textblock'  itemprop=\"text\" ><h1>Maanteeveod<\/h1>\n<p><strong>Transocean pakub maanteevedusid Ida- ning L\u00e4\u00e4ne Euroopa vahel:<\/strong><\/p>\n<ul>\n<li>T\u00e4iskoormad (FTL).<\/li>\n<li>Konsolideeritud ning osakoormad (LTL \u2013 Less Truck Load).<\/li>\n<li>Ohtliku kauba ning temperatuuri-tundliku kauba veod.<\/li>\n<li>Terminali-teenused.<\/li>\n<li>Kaupade kontroll ja sorteerimine.<\/li>\n<li>Tolliformaalsused ning veose kindlustus.<\/li>\n<\/ul>\n<\/div><\/section><br \/>\n<div  class='avia-button-wrap av-av_button-9a501d265c5ffdffdba1de3937ebb412-wrap avia-button-left  avia-builder-el-2  el_after_av_textblock  el_before_av_button '><a href='mailto:forwarding@transocean.ee'  class='avia-button av-av_button-9a501d265c5ffdffdba1de3937ebb412 av-link-btn avia-icon_select-yes-left-icon avia-size-medium avia-position-left av-icon-on-hover avia-color-theme-color'   aria-label=\"forwarding@transocean.ee\"><span class='avia_button_icon avia_button_icon_left' aria-hidden='true' data-av_icon='\ue8b7' data-av_iconfont='entypo-fontello'><\/span><span class='avia_iconbox_title' >forwarding@transocean.ee<\/span><\/a><\/div><br \/>\n<div  class='avia-button-wrap av-av_button-df063593083c080faa93874379fc7244-wrap avia-button-right  avia-builder-el-3  el_after_av_button  avia-builder-el-last '><a href='call:+3726116517'  class='avia-button av-av_button-df063593083c080faa93874379fc7244 av-link-btn avia-icon_select-yes-left-icon avia-size-medium avia-position-right av-icon-on-hover avia-color-theme-color'   aria-label=\"+372 611 6517\"><span class='avia_button_icon avia_button_icon_left' aria-hidden='true' data-av_icon='\ue854' data-av_iconfont='entypo-fontello'><\/span><span class='avia_iconbox_title' >+372 611 6517<\/span><\/a><\/div><\/p><\/div>\n<style type=\"text\/css\" data-created_by=\"avia_inline_auto\" id=\"style-css-av-av_one_half-c8fc129dc35fd1ae2a1e410224d39ea8\">\n.flex_column.av-av_one_half-c8fc129dc35fd1ae2a1e410224d39ea8{\nborder-radius:0px 0px 0px 0px;\npadding:0px 0px 0px 0px;\n}\n<\/style>\n<div  class='flex_column av-av_one_half-c8fc129dc35fd1ae2a1e410224d39ea8 av_one_half  avia-builder-el-4  el_after_av_one_half  el_before_av_section  avia-builder-el-last  flex_column_div av-zero-column-padding  '     ><style type=\"text\/css\" data-created_by=\"avia_inline_auto\" id=\"style-css-av-av_gallery-d8c09d0565a02da04bf247c3546aa19d\">\n#top .avia-gallery.av-av_gallery-d8c09d0565a02da04bf247c3546aa19d .avia-gallery-thumb a{\nwidth:25%;\n}\n<\/style>\n<div  class='avia-gallery av-av_gallery-d8c09d0565a02da04bf247c3546aa19d avia_animate_when_visible  avia-builder-el-5  avia-builder-el-no-sibling  avia_lazyload av-slideshow-ui av-loop-manual-endless av-control-hidden av-navigate-arrows av-navigate-dots hover-effect av-control-hidden avia-gallery-animate avia-gallery-1'  itemprop=\"image\" itemscope=\"itemscope\" itemtype=\"https:\/\/schema.org\/ImageObject\" ><meta itemprop=\"contentURL\" content=\"https:\/\/www.transocean.ee\/et\/teenused\/maanteetransport\/\"><a class='avia-gallery-big fakeLightbox lightbox avia-gallery-big-crop-thumb ' href=\"https:\/\/www.transocean.ee\/wp-content\/uploads\/2018\/03\/roat-transport-services-2.jpg\" data-srcset=\"https:\/\/www.transocean.ee\/wp-content\/uploads\/2018\/03\/roat-transport-services-2.jpg 485w, https:\/\/www.transocean.ee\/wp-content\/uploads\/2018\/03\/roat-transport-services-2-300x235.jpg 300w\" data-sizes=\"(max-width: 485px) 100vw, 485px\"  data-onclick='1' title='roat-transport-services-2' ><span class='avia-gallery-big-inner'  itemprop=\"thumbnailUrl\" ><img decoding=\"async\" fetchpriority=\"high\" class=\"wp-image-5698 avia-img-lazy-loading-not-5698\"  width=\"485\" height=\"380\" src=\"https:\/\/www.transocean.ee\/wp-content\/uploads\/2018\/03\/roat-transport-services-2.jpg\" title='roat-transport-services-2' alt='' srcset=\"https:\/\/www.transocean.ee\/wp-content\/uploads\/2018\/03\/roat-transport-services-2.jpg 485w, https:\/\/www.transocean.ee\/wp-content\/uploads\/2018\/03\/roat-transport-services-2-300x235.jpg 300w\" sizes=\"(max-width: 485px) 100vw, 485px\" \/><\/span><\/a><div class='avia-gallery-thumb'><a href=\"https:\/\/www.transocean.ee\/wp-content\/uploads\/2018\/03\/roat-transport-services-2.jpg\" data-srcset=\"https:\/\/www.transocean.ee\/wp-content\/uploads\/2018\/03\/roat-transport-services-2.jpg 485w, https:\/\/www.transocean.ee\/wp-content\/uploads\/2018\/03\/roat-transport-services-2-300x235.jpg 300w\" data-sizes=\"(max-width: 485px) 100vw, 485px\" data-rel='gallery-1' data-prev-img='https:\/\/www.transocean.ee\/wp-content\/uploads\/2018\/03\/roat-transport-services-2.jpg' class='first_thumb lightbox ' data-onclick='1' title='roat-transport-services-2'  itemprop=\"thumbnailUrl\"  ><img decoding=\"async\" fetchpriority=\"high\" class=\"wp-image-5698 avia-img-lazy-loading-not-5698\"   src=\"https:\/\/www.transocean.ee\/wp-content\/uploads\/2018\/03\/roat-transport-services-2.jpg\" width=\"485\" height=\"380\"  title='roat-transport-services-2' alt='' srcset=\"https:\/\/www.transocean.ee\/wp-content\/uploads\/2018\/03\/roat-transport-services-2.jpg 485w, https:\/\/www.transocean.ee\/wp-content\/uploads\/2018\/03\/roat-transport-services-2-300x235.jpg 300w\" sizes=\"(max-width: 485px) 100vw, 485px\" \/><div class='big-prev-fake'><img decoding=\"async\" loading=\"lazy\" class=\"wp-image-5698 avia-img-lazy-loading-5698\"  width=\"485\" height=\"380\" src=\"https:\/\/www.transocean.ee\/wp-content\/uploads\/2018\/03\/roat-transport-services-2.jpg\" title='roat-transport-services-2' alt='' srcset=\"https:\/\/www.transocean.ee\/wp-content\/uploads\/2018\/03\/roat-transport-services-2.jpg 485w, https:\/\/www.transocean.ee\/wp-content\/uploads\/2018\/03\/roat-transport-services-2-300x235.jpg 300w\" sizes=\"auto, (max-width: 485px) 100vw, 485px\" \/><\/div><\/a><a href=\"https:\/\/www.transocean.ee\/wp-content\/uploads\/2018\/03\/roat-transport-services-1-1030x773.jpg\" data-srcset=\"https:\/\/www.transocean.ee\/wp-content\/uploads\/2018\/03\/roat-transport-services-1.jpg 1030w, https:\/\/www.transocean.ee\/wp-content\/uploads\/2018\/03\/roat-transport-services-1-300x225.jpg 300w, https:\/\/www.transocean.ee\/wp-content\/uploads\/2018\/03\/roat-transport-services-1-768x576.jpg 768w, https:\/\/www.transocean.ee\/wp-content\/uploads\/2018\/03\/roat-transport-services-1-705x529.jpg 705w\" data-sizes=\"(max-width: 1030px) 100vw, 1030px\" data-rel='gallery-1' data-prev-img='https:\/\/www.transocean.ee\/wp-content\/uploads\/2018\/03\/roat-transport-services-1.jpg' class='lightbox ' data-onclick='2' title='roat-transport-services-1'  itemprop=\"thumbnailUrl\"  ><img decoding=\"async\" fetchpriority=\"high\" class=\"wp-image-5700 avia-img-lazy-loading-not-5700\"   src=\"https:\/\/www.transocean.ee\/wp-content\/uploads\/2018\/03\/roat-transport-services-1-495x400.jpg\" width=\"495\" height=\"400\"  title='roat-transport-services-1' alt='' srcset=\"https:\/\/www.transocean.ee\/wp-content\/uploads\/2018\/03\/roat-transport-services-1-495x400.jpg 495w, https:\/\/www.transocean.ee\/wp-content\/uploads\/2018\/03\/roat-transport-services-1-845x684.jpg 845w\" sizes=\"(max-width: 495px) 100vw, 495px\" \/><div class='big-prev-fake'><img decoding=\"async\" loading=\"lazy\" class=\"wp-image-5700 avia-img-lazy-loading-5700\"  width=\"1030\" height=\"773\" src=\"https:\/\/www.transocean.ee\/wp-content\/uploads\/2018\/03\/roat-transport-services-1.jpg\" title='roat-transport-services-1' alt='' srcset=\"https:\/\/www.transocean.ee\/wp-content\/uploads\/2018\/03\/roat-transport-services-1.jpg 1030w, https:\/\/www.transocean.ee\/wp-content\/uploads\/2018\/03\/roat-transport-services-1-300x225.jpg 300w, https:\/\/www.transocean.ee\/wp-content\/uploads\/2018\/03\/roat-transport-services-1-768x576.jpg 768w, https:\/\/www.transocean.ee\/wp-content\/uploads\/2018\/03\/roat-transport-services-1-705x529.jpg 705w\" sizes=\"auto, (max-width: 1030px) 100vw, 1030px\" \/><\/div><\/a><\/div><\/div><\/div><\/p>\n<\/div><\/div><\/div><!-- close content main div --><\/div><\/div>\n<style type=\"text\/css\" data-created_by=\"avia_inline_auto\" id=\"style-css-av-av_section-23a171a2063c637f8886873bf0bb5634\">\n.avia-section.av-av_section-23a171a2063c637f8886873bf0bb5634{\nbackground-color:#0c3b82;\nbackground-image:unset;\n}\n<\/style>\n<div id='av_section_1'  class='avia-section av-av_section-23a171a2063c637f8886873bf0bb5634 main_color avia-section-large avia-no-shadow  avia-builder-el-6  el_after_av_one_half  avia-builder-el-last  avia-bg-style-scroll container_wrap sidebar_right'  ><div class='container av-section-cont-open' ><div class='template-page content  av-content-small alpha units'><div class='post-entry post-entry-type-page post-entry-5897'><div class='entry-content-wrapper clearfix'>\n\n<style type=\"text\/css\" data-created_by=\"avia_inline_auto\" id=\"style-css-av-av_textblock-dd2387397296c1a314b0b5f4a3f918a3\">\n#top .av_textblock_section.av-av_textblock-dd2387397296c1a314b0b5f4a3f918a3 .avia_textblock{\ncolor:#ffffff;\n}\n<\/style>\n<section  class='av_textblock_section av-av_textblock-dd2387397296c1a314b0b5f4a3f918a3 '   itemscope=\"itemscope\" itemtype=\"https:\/\/schema.org\/CreativeWork\" ><div class='avia_textblock av_inherit_color'  itemprop=\"text\" ><h1 style=\"text-align: center;\">Saada Transoceanile hinnap\u00e4ring<\/h1>\n<p style=\"text-align: center !important;\">T\u00e4ida k\u00f5ik vormis olevad v\u00e4ljad ning meie spetsialist v\u00f5tab esimesel v\u00f5imalusel \u00fchendust. Reageerime kiiresti!<\/p>\n<\/div><\/section>\n<div  class='avia-button-wrap av-av_button-e43d6fe3033917f90a130b97823ec7da-wrap avia-button-center  avia-builder-el-8  el_after_av_textblock  avia-builder-el-last '><a href='https:\/\/www.transocean.ee\/et\/hinnaparing\/'  class='avia-button av-av_button-e43d6fe3033917f90a130b97823ec7da av-link-btn avia-icon_select-yes-right-icon avia-size-x-large avia-position-center av-icon-on-hover avia-color-theme-color-subtle'   aria-label=\"T\u00c4IDA HINNAP\u00c4RINGU VORM\"><span class='avia_iconbox_title' >T\u00c4IDA HINNAP\u00c4RINGU VORM<\/span><span class='avia_button_icon avia_button_icon_right' aria-hidden='true' data-av_icon='\ue897' data-av_iconfont='entypo-fontello'><\/span><\/a><\/div>\n<\/div><\/div><\/div><!-- close content main div --><\/div><\/div><div id='after_section_1'  class='main_color av_default_container_wrap container_wrap sidebar_right'  ><div class='container av-section-cont-open' ><div class='template-page content  av-content-small alpha units'><div class='post-entry post-entry-type-page post-entry-5897'><div class='entry-content-wrapper clearfix'>\n","protected":false},"excerpt":{"rendered":"","protected":false},"author":1,"featured_media":0,"parent":5883,"menu_order":0,"comment_status":"closed","ping_status":"closed","template":"","meta":{"footnotes":""},"class_list":["post-5897","page","type-page","status-publish","hentry"],"yoast_head":"<!-- This site is optimized with the Yoast SEO plugin v26.7 - https:\/\/yoast.com\/wordpress\/plugins\/seo\/ -->\n<title>Maanteetransport - TRANSOCEAN<\/title>\n<meta name=\"robots\" content=\"index, follow, max-snippet:-1, max-image-preview:large, max-video-preview:-1\" \/>\n<link rel=\"canonical\" href=\"https:\/\/www.transocean.ee\/et\/teenused\/maanteetransport\/\" \/>\n<meta property=\"og:locale\" content=\"et_EE\" \/>\n<meta property=\"og:type\" content=\"article\" \/>\n<meta property=\"og:title\" content=\"Maanteetransport - TRANSOCEAN\" \/>\n<meta property=\"og:url\" content=\"https:\/\/www.transocean.ee\/et\/teenused\/maanteetransport\/\" \/>\n<meta property=\"og:site_name\" content=\"TRANSOCEAN\" \/>\n<meta property=\"article:modified_time\" content=\"2023-04-04T19:27:43+00:00\" \/>\n<meta name=\"twitter:card\" content=\"summary_large_image\" \/>\n<meta name=\"twitter:label1\" content=\"Est. reading time\" \/>\n\t<meta name=\"twitter:data1\" content=\"1 minut\" \/>\n<script type=\"application\/ld+json\" class=\"yoast-schema-graph\">{\"@context\":\"https:\/\/schema.org\",\"@graph\":[{\"@type\":\"WebPage\",\"@id\":\"https:\/\/www.transocean.ee\/et\/teenused\/maanteetransport\/\",\"url\":\"https:\/\/www.transocean.ee\/et\/teenused\/maanteetransport\/\",\"name\":\"Maanteetransport - TRANSOCEAN\",\"isPartOf\":{\"@id\":\"https:\/\/www.transocean.ee\/#website\"},\"datePublished\":\"2018-03-31T16:15:15+00:00\",\"dateModified\":\"2023-04-04T19:27:43+00:00\",\"breadcrumb\":{\"@id\":\"https:\/\/www.transocean.ee\/et\/teenused\/maanteetransport\/#breadcrumb\"},\"inLanguage\":\"et\",\"potentialAction\":[{\"@type\":\"ReadAction\",\"target\":[\"https:\/\/www.transocean.ee\/et\/teenused\/maanteetransport\/\"]}]},{\"@type\":\"BreadcrumbList\",\"@id\":\"https:\/\/www.transocean.ee\/et\/teenused\/maanteetransport\/#breadcrumb\",\"itemListElement\":[{\"@type\":\"ListItem\",\"position\":1,\"name\":\"Home\",\"item\":\"https:\/\/www.transocean.ee\/et\/avaleht\/\"},{\"@type\":\"ListItem\",\"position\":2,\"name\":\"Teenused\",\"item\":\"https:\/\/www.transocean.ee\/et\/?page_id=5883\"},{\"@type\":\"ListItem\",\"position\":3,\"name\":\"Maanteetransport\"}]},{\"@type\":\"WebSite\",\"@id\":\"https:\/\/www.transocean.ee\/#website\",\"url\":\"https:\/\/www.transocean.ee\/\",\"name\":\"TRANSOCEAN\",\"description\":\"Rahvusvaheline transport \/ veoteenused\",\"potentialAction\":[{\"@type\":\"SearchAction\",\"target\":{\"@type\":\"EntryPoint\",\"urlTemplate\":\"https:\/\/www.transocean.ee\/?s={search_term_string}\"},\"query-input\":{\"@type\":\"PropertyValueSpecification\",\"valueRequired\":true,\"valueName\":\"search_term_string\"}}],\"inLanguage\":\"et\"}]}<\/script>\n<!-- \/ Yoast SEO plugin. -->","yoast_head_json":{"title":"Maanteetransport - TRANSOCEAN","robots":{"index":"index","follow":"follow","max-snippet":"max-snippet:-1","max-image-preview":"max-image-preview:large","max-video-preview":"max-video-preview:-1"},"canonical":"https:\/\/www.transocean.ee\/et\/teenused\/maanteetransport\/","og_locale":"et_EE","og_type":"article","og_title":"Maanteetransport - TRANSOCEAN","og_url":"https:\/\/www.transocean.ee\/et\/teenused\/maanteetransport\/","og_site_name":"TRANSOCEAN","article_modified_time":"2023-04-04T19:27:43+00:00","twitter_card":"summary_large_image","twitter_misc":{"Est. reading time":"1 minut"},"schema":{"@context":"https:\/\/schema.org","@graph":[{"@type":"WebPage","@id":"https:\/\/www.transocean.ee\/et\/teenused\/maanteetransport\/","url":"https:\/\/www.transocean.ee\/et\/teenused\/maanteetransport\/","name":"Maanteetransport - TRANSOCEAN","isPartOf":{"@id":"https:\/\/www.transocean.ee\/#website"},"datePublished":"2018-03-31T16:15:15+00:00","dateModified":"2023-04-04T19:27:43+00:00","breadcrumb":{"@id":"https:\/\/www.transocean.ee\/et\/teenused\/maanteetransport\/#breadcrumb"},"inLanguage":"et","potentialAction":[{"@type":"ReadAction","target":["https:\/\/www.transocean.ee\/et\/teenused\/maanteetransport\/"]}]},{"@type":"BreadcrumbList","@id":"https:\/\/www.transocean.ee\/et\/teenused\/maanteetransport\/#breadcrumb","itemListElement":[{"@type":"ListItem","position":1,"name":"Home","item":"https:\/\/www.transocean.ee\/et\/avaleht\/"},{"@type":"ListItem","position":2,"name":"Teenused","item":"https:\/\/www.transocean.ee\/et\/?page_id=5883"},{"@type":"ListItem","position":3,"name":"Maanteetransport"}]},{"@type":"WebSite","@id":"https:\/\/www.transocean.ee\/#website","url":"https:\/\/www.transocean.ee\/","name":"TRANSOCEAN","description":"Rahvusvaheline transport \/ veoteenused","potentialAction":[{"@type":"SearchAction","target":{"@type":"EntryPoint","urlTemplate":"https:\/\/www.transocean.ee\/?s={search_term_string}"},"query-input":{"@type":"PropertyValueSpecification","valueRequired":true,"valueName":"search_term_string"}}],"inLanguage":"et"}]}},"_links":{"self":[{"href":"https:\/\/www.transocean.ee\/et\/wp-json\/wp\/v2\/pages\/5897","targetHints":{"allow":["GET"]}}],"collection":[{"href":"https:\/\/www.transocean.ee\/et\/wp-json\/wp\/v2\/pages"}],"about":[{"href":"https:\/\/www.transocean.ee\/et\/wp-json\/wp\/v2\/types\/page"}],"author":[{"embeddable":true,"href":"https:\/\/www.transocean.ee\/et\/wp-json\/wp\/v2\/users\/1"}],"replies":[{"embeddable":true,"href":"https:\/\/www.transocean.ee\/et\/wp-json\/wp\/v2\/comments?post=5897"}],"version-history":[{"count":5,"href":"https:\/\/www.transocean.ee\/et\/wp-json\/wp\/v2\/pages\/5897\/revisions"}],"predecessor-version":[{"id":7220,"href":"https:\/\/www.transocean.ee\/et\/wp-json\/wp\/v2\/pages\/5897\/revisions\/7220"}],"up":[{"embeddable":true,"href":"https:\/\/www.transocean.ee\/et\/wp-json\/wp\/v2\/pages\/5883"}],"wp:attachment":[{"href":"https:\/\/www.transocean.ee\/et\/wp-json\/wp\/v2\/media?parent=5897"}],"curies":[{"name":"wp","href":"https:\/\/api.w.org\/{rel}","templated":true}]}}